{"id":689,"date":"2024-01-06T08:27:52","date_gmt":"2024-01-06T08:27:52","guid":{"rendered":"https:\/\/myfenster24.com\/?page_id=689"},"modified":"2024-01-06T09:41:14","modified_gmt":"2024-01-06T09:41:14","slug":"leistungen","status":"publish","type":"page","link":"https:\/\/myfenster24.com\/index.php\/leistungen\/","title":{"rendered":"Leistungen"},"content":{"rendered":"\t\t<div data-elementor-type=\"wp-page\" data-elementor-id=\"689\" class=\"elementor elementor-689\">\n\t\t\t\t\t\t\t\t\t<section class=\"elementor-section elementor-inner-section elementor-element elementor-element-0cc1350 elementor-section-height-min-height elementor-section-boxed elementor-section-height-default\" data-id=\"0cc1350\" data-element_type=\"section\" data-settings=\"{&quot;background_background&quot;:&quot;classic&quot;}\">\n\t\t\t\t\t\t\t<div class=\"elementor-background-overlay\"><\/div>\n\t\t\t\t\t\t\t<div class=\"elementor-container elementor-column-gap-default\">\n\t\t\t\t\t<div class=\"elementor-column elementor-col-100 elementor-inner-column elementor-element elementor-element-49858f0\" data-id=\"49858f0\" data-element_type=\"column\">\n\t\t\t<div class=\"elementor-widget-wrap elementor-element-populated\">\n\t\t\t\t\t\t\t\t<div class=\"elementor-element elementor-element-37667ff elementor-widget elementor-widget-heading\" data-id=\"37667ff\" data-element_type=\"widget\" data-widget_type=\"heading.default\">\n\t\t\t\t<div class=\"elementor-widget-container\">\n\t\t\t<style>\/*! elementor - v3.18.0 - 20-12-2023 *\/\n.elementor-heading-title{padding:0;margin:0;line-height:1}.elementor-widget-heading .elementor-heading-title[class*=elementor-size-]>a{color:inherit;font-size:inherit;line-height:inherit}.elementor-widget-heading .elementor-heading-title.elementor-size-small{font-size:15px}.elementor-widget-heading .elementor-heading-title.elementor-size-medium{font-size:19px}.elementor-widget-heading .elementor-heading-title.elementor-size-large{font-size:29px}.elementor-widget-heading .elementor-heading-title.elementor-size-xl{font-size:39px}.elementor-widget-heading .elementor-heading-title.elementor-size-xxl{font-size:59px}<\/style><h2 class=\"elementor-heading-title elementor-size-default\">Unsere Leistungen<\/h2>\t\t<\/div>\n\t\t\t\t<\/div>\n\t\t\t\t<div class=\"elementor-element elementor-element-3c39dac elementor-widget elementor-widget-heading\" data-id=\"3c39dac\" data-element_type=\"widget\" data-widget_type=\"heading.default\">\n\t\t\t\t<div class=\"elementor-widget-container\">\n\t\t\t<h3 class=\"elementor-heading-title elementor-size-default\">Wir finden zu jedem Kundenwunsch die perfekte L\u00f6sung<\/h3>\t\t<\/div>\n\t\t\t\t<\/div>\n\t\t\t\t\t<\/div>\n\t\t<\/div>\n\t\t\t\t\t\t\t<\/div>\n\t\t<\/section>\n\t\t\t\t<section class=\"elementor-section elementor-inner-section elementor-element elementor-element-c554773 elementor-section-boxed elementor-section-height-default elementor-section-height-default\" data-id=\"c554773\" data-element_type=\"section\">\n\t\t\t\t\t\t<div class=\"elementor-container elementor-column-gap-default\">\n\t\t\t\t\t<div class=\"elementor-column elementor-col-50 elementor-inner-column elementor-element elementor-element-5073bad\" data-id=\"5073bad\" data-element_type=\"column\">\n\t\t\t<div class=\"elementor-widget-wrap elementor-element-populated\">\n\t\t\t\t\t\t\t\t<div class=\"elementor-element elementor-element-b8a3be5 elementor-widget elementor-widget-image\" data-id=\"b8a3be5\" data-element_type=\"widget\" data-widget_type=\"image.default\">\n\t\t\t\t<div class=\"elementor-widget-container\">\n\t\t\t<style>\/*! elementor - v3.18.0 - 20-12-2023 *\/\n.elementor-widget-image{text-align:center}.elementor-widget-image a{display:inline-block}.elementor-widget-image a img[src$=\".svg\"]{width:48px}.elementor-widget-image img{vertical-align:middle;display:inline-block}<\/style>\t\t\t\t\t\t\t\t\t\t\t\t<img fetchpriority=\"high\" decoding=\"async\" width=\"600\" height=\"600\" src=\"https:\/\/myfenster24.com\/wp-content\/uploads\/2024\/01\/csm_Produktpflege_Fenster_putzen_7c0df0d9af-600x600.jpg\" class=\"elementor-animation-hang attachment-ocean-thumb-m size-ocean-thumb-m wp-image-803\" alt=\"\" srcset=\"https:\/\/myfenster24.com\/wp-content\/uploads\/2024\/01\/csm_Produktpflege_Fenster_putzen_7c0df0d9af-600x600.jpg 600w, https:\/\/myfenster24.com\/wp-content\/uploads\/2024\/01\/csm_Produktpflege_Fenster_putzen_7c0df0d9af-150x150.jpg 150w\" sizes=\"(max-width: 600px) 100vw, 600px\" \/>\t\t\t\t\t\t\t\t\t\t\t\t\t\t\t<\/div>\n\t\t\t\t<\/div>\n\t\t\t\t\t<\/div>\n\t\t<\/div>\n\t\t\t\t<div class=\"elementor-column elementor-col-50 elementor-inner-column elementor-element elementor-element-5ab6a76\" data-id=\"5ab6a76\" data-element_type=\"column\" data-settings=\"{&quot;background_background&quot;:&quot;classic&quot;}\">\n\t\t\t<div class=\"elementor-widget-wrap elementor-element-populated\">\n\t\t\t\t\t\t\t\t<div class=\"elementor-element elementor-element-29f26f9 elementor-widget elementor-widget-heading\" data-id=\"29f26f9\" data-element_type=\"widget\" data-widget_type=\"heading.default\">\n\t\t\t\t<div class=\"elementor-widget-container\">\n\t\t\t<h2 class=\"elementor-heading-title elementor-size-default\">Fenster<\/h2>\t\t<\/div>\n\t\t\t\t<\/div>\n\t\t\t\t<div class=\"elementor-element elementor-element-3b029a7 elementor-widget elementor-widget-text-editor\" data-id=\"3b029a7\" data-element_type=\"widget\" data-widget_type=\"text-editor.default\">\n\t\t\t\t<div class=\"elementor-widget-container\">\n\t\t\t<style>\/*! elementor - v3.18.0 - 20-12-2023 *\/\n.elementor-widget-text-editor.elementor-drop-cap-view-stacked .elementor-drop-cap{background-color:#69727d;color:#fff}.elementor-widget-text-editor.elementor-drop-cap-view-framed .elementor-drop-cap{color:#69727d;border:3px solid;background-color:transparent}.elementor-widget-text-editor:not(.elementor-drop-cap-view-default) .elementor-drop-cap{margin-top:8px}.elementor-widget-text-editor:not(.elementor-drop-cap-view-default) .elementor-drop-cap-letter{width:1em;height:1em}.elementor-widget-text-editor .elementor-drop-cap{float:left;text-align:center;line-height:1;font-size:50px}.elementor-widget-text-editor .elementor-drop-cap-letter{display:inline-block}<\/style>\t\t\t\t<h4>Fensterbau mit Weitsicht<\/h4><ul><li>verschiedene Materialien wie Kunststoff; Holz- Holz-Aluminium<\/li><li>Sonderverglasung: Schallschutz, Einbruchhemmende Gl\u00e4ser, Sprossen, Ornamente<\/li><li>verschiedenste individuelle Bauarten wie z.B. Faltfenster, Stulp Fenster, Rundfenster und vieles mehr<\/li><li>Fenster Reparatur: Reparatur Hersteller \u00fcbergreifend<\/li><\/ul>\t\t\t\t\t\t<\/div>\n\t\t\t\t<\/div>\n\t\t\t\t\t<\/div>\n\t\t<\/div>\n\t\t\t\t\t\t\t<\/div>\n\t\t<\/section>\n\t\t\t\t<section class=\"elementor-section elementor-inner-section elementor-element elementor-element-ca9adba elementor-reverse-mobile elementor-section-boxed elementor-section-height-default elementor-section-height-default\" data-id=\"ca9adba\" data-element_type=\"section\">\n\t\t\t\t\t\t<div class=\"elementor-container elementor-column-gap-default\">\n\t\t\t\t\t<div class=\"elementor-column elementor-col-50 elementor-inner-column elementor-element elementor-element-59517ec\" data-id=\"59517ec\" data-element_type=\"column\" data-settings=\"{&quot;background_background&quot;:&quot;classic&quot;}\">\n\t\t\t<div class=\"elementor-widget-wrap elementor-element-populated\">\n\t\t\t\t\t\t\t\t<div class=\"elementor-element elementor-element-3cf0959 elementor-widget elementor-widget-heading\" data-id=\"3cf0959\" data-element_type=\"widget\" data-widget_type=\"heading.default\">\n\t\t\t\t<div class=\"elementor-widget-container\">\n\t\t\t<h2 class=\"elementor-heading-title elementor-size-default\">Haust\u00fcren<\/h2>\t\t<\/div>\n\t\t\t\t<\/div>\n\t\t\t\t<div class=\"elementor-element elementor-element-5e9725e elementor-widget elementor-widget-text-editor\" data-id=\"5e9725e\" data-element_type=\"widget\" data-widget_type=\"text-editor.default\">\n\t\t\t\t<div class=\"elementor-widget-container\">\n\t\t\t\t\t\t\t<h4><strong>Eintrittskarte in jedes Haus<\/strong><\/h4><ul><li>moderne Haust\u00fcren in verschiedenen Materialien und Designs<\/li><li>h\u00f6chste Qualit\u00e4t mit h\u00f6chstem Sicherheitsstandard<\/li><li>individuelle T\u00fcrbeschl\u00e4ge, Profilzylinder und Schlie\u00dfanlagen<\/li><li>Briefk\u00e4sten, Klingeln, elektrische Schlie\u00dfsysteme, Beleuchtung und vieles mehr<\/li><\/ul>\t\t\t\t\t\t<\/div>\n\t\t\t\t<\/div>\n\t\t\t\t\t<\/div>\n\t\t<\/div>\n\t\t\t\t<div class=\"elementor-column elementor-col-50 elementor-inner-column elementor-element elementor-element-a769d5e\" data-id=\"a769d5e\" data-element_type=\"column\">\n\t\t\t<div class=\"elementor-widget-wrap elementor-element-populated\">\n\t\t\t\t\t\t\t\t<div class=\"elementor-element elementor-element-a2249fd elementor-widget elementor-widget-image\" data-id=\"a2249fd\" data-element_type=\"widget\" data-widget_type=\"image.default\">\n\t\t\t\t<div class=\"elementor-widget-container\">\n\t\t\t\t\t\t\t\t\t\t\t\t\t\t\t<img decoding=\"async\" width=\"600\" height=\"600\" src=\"https:\/\/myfenster24.com\/wp-content\/uploads\/2024\/01\/haustuer-kiel-grau-600x600.jpg\" class=\"elementor-animation-hang attachment-ocean-thumb-m size-ocean-thumb-m wp-image-796\" alt=\"\" srcset=\"https:\/\/myfenster24.com\/wp-content\/uploads\/2024\/01\/haustuer-kiel-grau-600x600.jpg 600w, https:\/\/myfenster24.com\/wp-content\/uploads\/2024\/01\/haustuer-kiel-grau-300x300.jpg 300w, https:\/\/myfenster24.com\/wp-content\/uploads\/2024\/01\/haustuer-kiel-grau-1024x1024.jpg 1024w, https:\/\/myfenster24.com\/wp-content\/uploads\/2024\/01\/haustuer-kiel-grau-150x150.jpg 150w, https:\/\/myfenster24.com\/wp-content\/uploads\/2024\/01\/haustuer-kiel-grau-768x768.jpg 768w, https:\/\/myfenster24.com\/wp-content\/uploads\/2024\/01\/haustuer-kiel-grau.jpg 1500w\" sizes=\"(max-width: 600px) 100vw, 600px\" \/>\t\t\t\t\t\t\t\t\t\t\t\t\t\t\t<\/div>\n\t\t\t\t<\/div>\n\t\t\t\t\t<\/div>\n\t\t<\/div>\n\t\t\t\t\t\t\t<\/div>\n\t\t<\/section>\n\t\t\t\t\t\t\t<\/div>\n\t\t","protected":false},"excerpt":{"rendered":"<p>Unsere Leistungen Wir finden zu jedem Kundenwunsch die perfekte L\u00f6sung Fenster Fensterbau mit Weitsicht verschiedene Materialien wie Kunststoff; Holz- Holz-Aluminium Sonderverglasung: Schallschutz, Einbruchhemmende Gl\u00e4ser, Sprossen, Ornamente verschiedenste individuelle Bauarten wie z.B. Faltfenster, Stulp Fenster, Rundfenster und vieles mehr Fenster Reparatur: Reparatur Hersteller \u00fcbergreifend Haust\u00fcren Eintrittskarte in jedes Haus moderne Haust\u00fcren in verschiedenen Materialien und Designs [&hellip;]<\/p>\n","protected":false},"author":1,"featured_media":0,"parent":0,"menu_order":0,"comment_status":"closed","ping_status":"closed","template":"","meta":{"om_disable_all_campaigns":false,"_monsterinsights_skip_tracking":false,"_monsterinsights_sitenote_active":false,"_monsterinsights_sitenote_note":"","_monsterinsights_sitenote_category":0,"footnotes":""},"aioseo_notices":[],"_links":{"self":[{"href":"https:\/\/myfenster24.com\/index.php\/wp-json\/wp\/v2\/pages\/689"}],"collection":[{"href":"https:\/\/myfenster24.com\/index.php\/wp-json\/wp\/v2\/pages"}],"about":[{"href":"https:\/\/myfenster24.com\/index.php\/wp-json\/wp\/v2\/types\/page"}],"author":[{"embeddable":true,"href":"https:\/\/myfenster24.com\/index.php\/wp-json\/wp\/v2\/users\/1"}],"replies":[{"embeddable":true,"href":"https:\/\/myfenster24.com\/index.php\/wp-json\/wp\/v2\/comments?post=689"}],"version-history":[{"count":100,"href":"https:\/\/myfenster24.com\/index.php\/wp-json\/wp\/v2\/pages\/689\/revisions"}],"predecessor-version":[{"id":806,"href":"https:\/\/myfenster24.com\/index.php\/wp-json\/wp\/v2\/pages\/689\/revisions\/806"}],"wp:attachment":[{"href":"https:\/\/myfenster24.com\/index.php\/wp-json\/wp\/v2\/media?parent=689"}],"curies":[{"name":"wp","href":"https:\/\/api.w.org\/{rel}","templated":true}]}}